{"id":855,"date":"2021-02-12T15:07:28","date_gmt":"2021-02-12T14:07:28","guid":{"rendered":"http:\/\/www.bspv-id.ch\/?page_id=855"},"modified":"2021-08-25T09:53:35","modified_gmt":"2021-08-25T08:53:35","slug":"willkommen","status":"publish","type":"page","link":"https:\/\/bspv-id.ch\/","title":{"rendered":"Willkommen"},"content":{"rendered":"\n<p>Die Sektion Fachpersonen Information  und Dokumentation Kanton Bern des Bernischen Staatspersonalverbands (<a rel=\"noreferrer noopener\" href=\"http:\/\/www.bspv.ch\" target=\"_blank\">BSPV<\/a>) wurde am 14. September 2006 gegr\u00fcndet, mit dem Ziel, unsere Berufsgruppe gegen\u00fcber dem Kanton Bern gewichtiger vertreten zu k\u00f6nnen. <br>Wir bezwecken die Wahrung der beruflichen, wirtschaftlichen und sozialen Interessen unserer Mitglieder.<\/p>\n\n\n\n<p> <\/p>\n\n\n\n<figure class=\"wp-block-image size-full\"><a href=\"https:\/\/bspv-id.ch\/wp-content\/uploads\/NEF6035_jpg-e1624455081807.jpg\"><img loading=\"lazy\" decoding=\"async\" width=\"640\" height=\"425\" src=\"https:\/\/bspv-id.ch\/wp-content\/uploads\/NEF6035_jpg-e1624455081807.jpg\" alt=\"\" class=\"wp-image-66\" srcset=\"https:\/\/bspv-id.ch\/wp-content\/uploads\/NEF6035_jpg-e1624455081807.jpg 640w, https:\/\/bspv-id.ch\/wp-content\/uploads\/NEF6035_jpg-e1624455081807-300x199.jpg 300w\" sizes=\"auto, (max-width: 640px) 100vw, 640px\" \/><\/a><\/figure>\n","protected":false},"excerpt":{"rendered":"<p>Die Sektion Fachpersonen Information und Dokumentation Kanton Bern des Bernischen Staatspersonalverbands (BSPV) wurde am 14. September 2006 gegr\u00fcndet, mit dem Ziel, unsere Berufsgruppe gegen\u00fcber dem Kanton Bern gewichtiger vertreten zu k\u00f6nnen. Wir bezwecken die Wahrung der beruflichen, wirtschaftlichen und sozialen Interessen unserer Mitglieder.<\/p>\n","protected":false},"author":3,"featured_media":0,"parent":0,"menu_order":0,"comment_status":"closed","ping_status":"closed","template":"","meta":{"ngg_post_thumbnail":0,"footnotes":""},"class_list":["post-855","page","type-page","status-publish","hentry"],"_links":{"self":[{"href":"https:\/\/bspv-id.ch\/index.php?rest_route=\/wp\/v2\/pages\/855","targetHints":{"allow":["GET"]}}],"collection":[{"href":"https:\/\/bspv-id.ch\/index.php?rest_route=\/wp\/v2\/pages"}],"about":[{"href":"https:\/\/bspv-id.ch\/index.php?rest_route=\/wp\/v2\/types\/page"}],"author":[{"embeddable":true,"href":"https:\/\/bspv-id.ch\/index.php?rest_route=\/wp\/v2\/users\/3"}],"replies":[{"embeddable":true,"href":"https:\/\/bspv-id.ch\/index.php?rest_route=%2Fwp%2Fv2%2Fcomments&post=855"}],"version-history":[{"count":6,"href":"https:\/\/bspv-id.ch\/index.php?rest_route=\/wp\/v2\/pages\/855\/revisions"}],"predecessor-version":[{"id":1030,"href":"https:\/\/bspv-id.ch\/index.php?rest_route=\/wp\/v2\/pages\/855\/revisions\/1030"}],"wp:attachment":[{"href":"https:\/\/bspv-id.ch\/index.php?rest_route=%2Fwp%2Fv2%2Fmedia&parent=855"}],"curies":[{"name":"wp","href":"https:\/\/api.w.org\/{rel}","templated":true}]}}